{"id":9492,"date":"2024-11-14T00:27:40","date_gmt":"2024-11-14T00:27:40","guid":{"rendered":"https:\/\/sportsengine-develop.go-vip.net\/msysa\/?page_id=9492"},"modified":"2025-06-02T15:11:21","modified_gmt":"2025-06-02T15:11:21","slug":"como-unirse","status":"publish","type":"page","link":"https:\/\/sportsengine-develop.go-vip.net\/msysa\/como-unirse\/","title":{"rendered":"COMO UNIRSE"},"content":{"rendered":"\n<figure class=\"wp-block-image size-large is-resized\"><img loading=\"lazy\" decoding=\"async\" height=\"320\" width=\"1024\" src=\"https:\/\/sportsengine-develop.go-vip.net\/msysa\/wp-content\/uploads\/sites\/227\/2024\/11\/homepage_media_wall2_d5ff8e.png?w=1024\" alt=\"\" class=\"wp-image-9493\" style=\"width:1200px;height:auto\" srcset=\"https:\/\/sportsengine-develop.go-vip.net\/msysa\/wp-content\/uploads\/sites\/227\/2024\/11\/homepage_media_wall2_d5ff8e.png 1920w, https:\/\/sportsengine-develop.go-vip.net\/msysa\/wp-content\/uploads\/sites\/227\/2024\/11\/homepage_media_wall2_d5ff8e.png?resize=300,94 300w, https:\/\/sportsengine-develop.go-vip.net\/msysa\/wp-content\/uploads\/sites\/227\/2024\/11\/homepage_media_wall2_d5ff8e.png?resize=768,240 768w, https:\/\/sportsengine-develop.go-vip.net\/msysa\/wp-content\/uploads\/sites\/227\/2024\/11\/homepage_media_wall2_d5ff8e.png?resize=1024,320 1024w, https:\/\/sportsengine-develop.go-vip.net\/msysa\/wp-content\/uploads\/sites\/227\/2024\/11\/homepage_media_wall2_d5ff8e.png?resize=1536,480 1536w, https:\/\/sportsengine-develop.go-vip.net\/msysa\/wp-content\/uploads\/sites\/227\/2024\/11\/homepage_media_wall2_d5ff8e.png?resize=288,90 288w, https:\/\/sportsengine-develop.go-vip.net\/msysa\/wp-content\/uploads\/sites\/227\/2024\/11\/homepage_media_wall2_d5ff8e.png?resize=1440,450 1440w, https:\/\/sportsengine-develop.go-vip.net\/msysa\/wp-content\/uploads\/sites\/227\/2024\/11\/homepage_media_wall2_d5ff8e.png?resize=720,225 720w\" sizes=\"(max-width: 1024px) 100vw, 1024px\" \/><\/figure>\n\n\n\n<p><\/p>\n\n\n\n<p><\/p>\n\n\n\n<h3 class=\"wp-block-heading is-style-news-events-heading\" id=\"beneficios\">BENEFICIOS<\/h3>\n\n\n\n<p><\/p>\n\n\n\n<p>Beneficios de afiliarse a la Asociaci\u00f3n de F\u00fatbol Juvenil del Estado de Maryland (MSYSA):<\/p>\n\n\n\n<ul class=\"wp-block-list\">\n<li>Cobertura de seguro para sus entrenadores y jugadores&nbsp;<\/li>\n\n\n\n<li>Los equipos recreativos tienen acceso a las ligas aprobadas por MSYSA&nbsp;<\/li>\n\n\n\n<li>Transici\u00f3n perfecta de ligas recreativas a competitivas&nbsp;&nbsp;<\/li>\n\n\n\n<li>Oportunidades de reconocimiento \/ publicidad a trav\u00e9s de la p\u00e1gina de Internet de MSYSA y eNews Acceso a profesionales con amplia experiencia en entrenamiento y administraci\u00f3n de f\u00fatbol&nbsp;<\/li>\n\n\n\n<li>Y mucho m\u00e1s.&nbsp;<\/li>\n<\/ul>\n\n\n\n<p><\/p>\n\n\n\n<h2 class=\"wp-block-heading is-style-news-events-heading\" id=\"como-unirse\">COMO UNIRSE<\/h2>\n\n\n\n<p><\/p>\n\n\n\n<p>\u00a1El proceso para convertirse en miembro afiliado de MSYSA es bastante simple! Las solicitudes completas contienen la informaci\u00f3n que se describe a continuaci\u00f3n. Todas las solicitudes de solicitud deben enviarse electr\u00f3nicamente completando el\u00a0<a href=\"https:\/\/system.gotsport.com\/forms\/1098D0508\">Formulario de Afiliaci\u00f3n aqu\u00ed.<\/a><\/p>\n\n\n\n<p>Todas las solicitudes enviadas mediante el enlace anterior buscar\u00e1n aprobaci\u00f3n para la temporada\u00a0<strong>2025-2026 de MSYSA<\/strong>. Si est\u00e1 buscando afiliaci\u00f3n para el resto de la temporada 2023-2024, env\u00ede un correo electr\u00f3nico a Jessica Hafer a\u00a0<a href=\"mailto:jessica@msysa.org?subject=Affiliation%20Request\">jessica@msysa.org<\/a><\/p>\n\n\n\n<p>Si tiene alguna duda, por favor comun\u00edquese con la oficina estatal (410-768-5401). \u00a1Esperamos darle la bienvenida a la familia MSYSA!<\/p>\n\n\n\n<p><\/p>\n\n\n\n<p><\/p>\n\n\n\n<h3 class=\"wp-block-heading is-style-news-events-heading\" id=\"carta-de-presentacion\">CARTA DE PRESENTACION<\/h3>\n\n\n\n<p><\/p>\n\n\n\n<p>Una carta (con membrete del club) que indique su inter\u00e9s en convertirse en miembro afiliado. Debe contener la siguiente informaci\u00f3n:&nbsp;<\/p>\n\n\n\n<ul class=\"wp-block-list\">\n<li>Descripci\u00f3n de la organizaci\u00f3n&nbsp;<\/li>\n\n\n\n<li>Tipo de programa (s)&nbsp;<\/li>\n\n\n\n<li>Tipo de equipos&nbsp;<\/li>\n\n\n\n<li>Lista de todos los equipos de clubes afiliados por nombre, grupo de edad y sexo&nbsp;<\/li>\n\n\n\n<li>Las temporadas de juego y el \u00e1rea geogr\u00e1fica principal.&nbsp;<\/li>\n\n\n\n<li>Ligas en las que juegan los equipos&nbsp;<\/li>\n\n\n\n<li>N\u00famero aproximado de jugadores y equipos que espera tener participando durante la temporada anual (del 1 de septiembre al 31 de agosto)&nbsp;<\/li>\n\n\n\n<li>Patrocinio, en su caso, incluido el de los municipios<\/li>\n<\/ul>\n\n\n\n<p><\/p>\n\n\n\n<h3 class=\"wp-block-heading is-style-news-events-heading\" id=\"lista-de-directores\">LISTA DE DIRECTORES<\/h3>\n\n\n\n<p><\/p>\n\n\n\n<p>Una lista con los nombres de los funcionarios y directores de la organizaci\u00f3n que incluye:&nbsp;<\/p>\n\n\n\n<ul class=\"wp-block-list\">\n<li>Nombre y t\u00edtulo&nbsp;&nbsp;<\/li>\n\n\n\n<li>Direcci\u00f3n&nbsp;&nbsp;<\/li>\n\n\n\n<li>N\u00fameros telef\u00f3nicos&nbsp;<\/li>\n\n\n\n<li>Direcci\u00f3n de correo electr\u00f3nico Indicar el contacto principal del club<\/li>\n<\/ul>\n\n\n\n<p><\/p>\n\n\n\n<h3 class=\"wp-block-heading is-style-news-events-heading\" id=\"estatutos\">ESTATUTOS<\/h3>\n\n\n\n<p><\/p>\n\n\n\n<p>Una copia de los estatutos de la organizaci\u00f3n u otros documentos rectores. Las siguientes disposiciones espec\u00edficas deben incluirse dentro de estos documentos:&nbsp;<\/p>\n\n\n\n<ul class=\"wp-block-list\">\n<li>\u200bLa organizaci\u00f3n se compromete a cumplir con todas las reglas, pol\u00edticas y regulaciones de MSYSA, US Youth Soccer y US Soccer.<\/li>\n\n\n\n<li>La organizaci\u00f3n registrar\u00e1 a todos los jugadores, entrenadores y equipos que participan en los programas de la organizaci\u00f3n con MSYSA y otros miembros de US Soccer al menos una vez al a\u00f1o y pagar\u00e1 las tarifas de registro correspondientes para cumplir con la regla de afiliaci\u00f3n del 100% de US Soccer.&nbsp;<\/li>\n\n\n\n<li>Lenguaje de no discriminaci\u00f3n. Se puede encontrar un ejemplo en los Estatutos de MSYSA, Art\u00edculo 1, Secci\u00f3n 3. (<a href=\"https:\/\/sportsengine-develop.go-vip.net\/msysa\/file.aspx?DocumentId=2695\" target=\"_blank\" rel=\"noreferrer noopener\">MSYSA Bylaws, Article 1, Section 3.<\/a>)<\/li>\n<\/ul>\n\n\n\n<p><\/p>\n\n\n\n<h3 class=\"wp-block-heading is-style-news-events-heading\" id=\"pago\">PAGO<\/h3>\n\n\n\n<p><\/p>\n\n\n\n<p>Un cheque por las tarifas de afiliaci\u00f3n en funci\u00f3n del n\u00famero de equipos que participan en los programas de la organizaci\u00f3n. 15 jugadores recreativos = 1 equipo.&nbsp;<\/p>\n\n\n\n<ul class=\"wp-block-list\">\n<li>1-15 equipos, $ 60<\/li>\n\n\n\n<li>16-40 equipos, $ 115<\/li>\n\n\n\n<li>41+ equipos, $ 170\u200b<\/li>\n<\/ul>\n\n\n\n<p>Nota: La tarifa de afiliaci\u00f3n es pagadera anualmente a m\u00e1s tardar el 30 de septiembre. MSYSA no aplicar\u00e1 la tarifa de afiliaci\u00f3n a las organizaciones que tengan al menos un representante presente en la reuni\u00f3n general anual.&nbsp;<\/p>\n","protected":false},"excerpt":{"rendered":"<p>BENEFICIOS Beneficios de afiliarse a la Asociaci\u00f3n de F\u00fatbol Juvenil del Estado de Maryland (MSYSA): COMO UNIRSE \u00a1El proceso para convertirse en miembro afiliado de MSYSA es bastante simple! Las [&hellip;]<\/p>\n","protected":false},"author":736,"featured_media":0,"parent":0,"menu_order":0,"comment_status":"closed","ping_status":"closed","template":"","meta":{"ghostkit_customizer_options":"","ghostkit_custom_css":"","ghostkit_custom_js_head":"","ghostkit_custom_js_foot":"","ghostkit_typography":"","_genesis_hide_title":false,"_genesis_hide_breadcrumbs":false,"_genesis_hide_singular_image":false,"_genesis_hide_footer_widgets":false,"_genesis_custom_body_class":"","_genesis_custom_post_class":"","_genesis_layout":"","sec_layout_page":false,"footnotes":""},"class_list":["post-9492","page","type-page","status-publish","entry"],"yoast_head":"<!-- This site is optimized with the Yoast SEO plugin v26.9 - https:\/\/yoast.com\/product\/yoast-seo-wordpress\/ -->\n<title>COMO UNIRSE - USYS Maryland<\/title>\n<meta name=\"robots\" content=\"noindex, nofollow\" \/>\n<meta property=\"og:locale\" content=\"en_US\" \/>\n<meta property=\"og:type\" content=\"article\" \/>\n<meta property=\"og:title\" content=\"COMO UNIRSE - USYS Maryland\" \/>\n<meta property=\"og:description\" content=\"BENEFICIOS Beneficios de afiliarse a la Asociaci\u00f3n de F\u00fatbol Juvenil del Estado de Maryland (MSYSA): COMO UNIRSE \u00a1El proceso para convertirse en miembro afiliado de MSYSA es bastante simple! Las [&hellip;]\" \/>\n<meta property=\"og:url\" content=\"https:\/\/sportsengine-develop.go-vip.net\/msysa\/como-unirse\/\" \/>\n<meta property=\"og:site_name\" content=\"USYS Maryland\" \/>\n<meta property=\"article:publisher\" content=\"https:\/\/www.facebook.com\/MDStateYouthSoccer\" \/>\n<meta property=\"article:modified_time\" content=\"2025-06-02T15:11:21+00:00\" \/>\n<meta property=\"og:image\" content=\"https:\/\/sportsengine-develop.go-vip.net\/msysa\/wp-content\/uploads\/sites\/227\/2024\/11\/homepage_media_wall2_d5ff8e.png\" \/>\n\t<meta property=\"og:image:width\" content=\"1920\" \/>\n\t<meta property=\"og:image:height\" content=\"600\" \/>\n\t<meta property=\"og:image:type\" content=\"image\/png\" \/>\n<meta name=\"twitter:card\" content=\"summary_large_image\" \/>\n<meta name=\"twitter:site\" content=\"@MSYSA\" \/>\n<meta name=\"twitter:label1\" content=\"Est. reading time\" \/>\n\t<meta name=\"twitter:data1\" content=\"3 minutes\" \/>\n<script type=\"application\/ld+json\" class=\"yoast-schema-graph\">{\"@context\":\"https:\/\/schema.org\",\"@graph\":[{\"@type\":\"WebPage\",\"@id\":\"https:\/\/sportsengine-develop.go-vip.net\/msysa\/como-unirse\/\",\"url\":\"https:\/\/sportsengine-develop.go-vip.net\/msysa\/como-unirse\/\",\"name\":\"COMO UNIRSE - USYS Maryland\",\"isPartOf\":{\"@id\":\"https:\/\/sportsengine-develop.go-vip.net\/msysa\/#website\"},\"primaryImageOfPage\":{\"@id\":\"https:\/\/sportsengine-develop.go-vip.net\/msysa\/como-unirse\/#primaryimage\"},\"image\":{\"@id\":\"https:\/\/sportsengine-develop.go-vip.net\/msysa\/como-unirse\/#primaryimage\"},\"thumbnailUrl\":\"https:\/\/sportsengine-develop.go-vip.net\/msysa\/wp-content\/uploads\/sites\/227\/2024\/11\/homepage_media_wall2_d5ff8e.png?w=1024\",\"datePublished\":\"2024-11-14T00:27:40+00:00\",\"dateModified\":\"2025-06-02T15:11:21+00:00\",\"inLanguage\":\"en-US\",\"potentialAction\":[{\"@type\":\"ReadAction\",\"target\":[\"https:\/\/sportsengine-develop.go-vip.net\/msysa\/como-unirse\/\"]}]},{\"@type\":\"ImageObject\",\"inLanguage\":\"en-US\",\"@id\":\"https:\/\/sportsengine-develop.go-vip.net\/msysa\/como-unirse\/#primaryimage\",\"url\":\"https:\/\/sportsengine-develop.go-vip.net\/msysa\/wp-content\/uploads\/sites\/227\/2024\/11\/homepage_media_wall2_d5ff8e.png\",\"contentUrl\":\"https:\/\/sportsengine-develop.go-vip.net\/msysa\/wp-content\/uploads\/sites\/227\/2024\/11\/homepage_media_wall2_d5ff8e.png\",\"width\":1920,\"height\":600},{\"@type\":\"WebSite\",\"@id\":\"https:\/\/sportsengine-develop.go-vip.net\/msysa\/#website\",\"url\":\"https:\/\/sportsengine-develop.go-vip.net\/msysa\/\",\"name\":\"USYS Maryland\",\"description\":\"Grow the Game - Transform Lives\",\"publisher\":{\"@id\":\"https:\/\/sportsengine-develop.go-vip.net\/msysa\/#organization\"},\"potentialAction\":[{\"@type\":\"SearchAction\",\"target\":{\"@type\":\"EntryPoint\",\"urlTemplate\":\"https:\/\/sportsengine-develop.go-vip.net\/msysa\/?s={search_term_string}\"},\"query-input\":{\"@type\":\"PropertyValueSpecification\",\"valueRequired\":true,\"valueName\":\"search_term_string\"}}],\"inLanguage\":\"en-US\"},{\"@type\":\"Organization\",\"@id\":\"https:\/\/sportsengine-develop.go-vip.net\/msysa\/#organization\",\"name\":\"Maryland State Youth Soccer Association\",\"url\":\"https:\/\/sportsengine-develop.go-vip.net\/msysa\/\",\"logo\":{\"@type\":\"ImageObject\",\"inLanguage\":\"en-US\",\"@id\":\"https:\/\/sportsengine-develop.go-vip.net\/msysa\/#\/schema\/logo\/image\/\",\"url\":\"https:\/\/sportsengine-develop.go-vip.net\/msysa\/wp-content\/uploads\/sites\/227\/2024\/06\/cropped-cropped-Small-MSYSA-Logo-for-Circle-Applications-1.png\",\"contentUrl\":\"https:\/\/sportsengine-develop.go-vip.net\/msysa\/wp-content\/uploads\/sites\/227\/2024\/06\/cropped-cropped-Small-MSYSA-Logo-for-Circle-Applications-1.png\",\"width\":449,\"height\":512,\"caption\":\"Maryland State Youth Soccer Association\"},\"image\":{\"@id\":\"https:\/\/sportsengine-develop.go-vip.net\/msysa\/#\/schema\/logo\/image\/\"},\"sameAs\":[\"https:\/\/www.facebook.com\/MDStateYouthSoccer\",\"https:\/\/x.com\/MSYSA\",\"https:\/\/www.instagram.com\/msyouthsoccer\/?hl=en\",\"https:\/\/www.youtube.com\/channel\/UCOz6iON1tWWwEHq9RY8oKVQ\",\"https:\/\/www.tiktok.com\/@marylandsysa?lang=en\"]}]}<\/script>\n<!-- \/ Yoast SEO plugin. -->","yoast_head_json":{"title":"COMO UNIRSE - USYS Maryland","robots":{"index":"noindex","follow":"nofollow"},"og_locale":"en_US","og_type":"article","og_title":"COMO UNIRSE - USYS Maryland","og_description":"BENEFICIOS Beneficios de afiliarse a la Asociaci\u00f3n de F\u00fatbol Juvenil del Estado de Maryland (MSYSA): COMO UNIRSE \u00a1El proceso para convertirse en miembro afiliado de MSYSA es bastante simple! Las [&hellip;]","og_url":"https:\/\/sportsengine-develop.go-vip.net\/msysa\/como-unirse\/","og_site_name":"USYS Maryland","article_publisher":"https:\/\/www.facebook.com\/MDStateYouthSoccer","article_modified_time":"2025-06-02T15:11:21+00:00","og_image":[{"width":1920,"height":600,"url":"https:\/\/sportsengine-develop.go-vip.net\/msysa\/wp-content\/uploads\/sites\/227\/2024\/11\/homepage_media_wall2_d5ff8e.png","type":"image\/png"}],"twitter_card":"summary_large_image","twitter_site":"@MSYSA","twitter_misc":{"Est. reading time":"3 minutes"},"schema":{"@context":"https:\/\/schema.org","@graph":[{"@type":"WebPage","@id":"https:\/\/sportsengine-develop.go-vip.net\/msysa\/como-unirse\/","url":"https:\/\/sportsengine-develop.go-vip.net\/msysa\/como-unirse\/","name":"COMO UNIRSE - USYS Maryland","isPartOf":{"@id":"https:\/\/sportsengine-develop.go-vip.net\/msysa\/#website"},"primaryImageOfPage":{"@id":"https:\/\/sportsengine-develop.go-vip.net\/msysa\/como-unirse\/#primaryimage"},"image":{"@id":"https:\/\/sportsengine-develop.go-vip.net\/msysa\/como-unirse\/#primaryimage"},"thumbnailUrl":"https:\/\/sportsengine-develop.go-vip.net\/msysa\/wp-content\/uploads\/sites\/227\/2024\/11\/homepage_media_wall2_d5ff8e.png?w=1024","datePublished":"2024-11-14T00:27:40+00:00","dateModified":"2025-06-02T15:11:21+00:00","inLanguage":"en-US","potentialAction":[{"@type":"ReadAction","target":["https:\/\/sportsengine-develop.go-vip.net\/msysa\/como-unirse\/"]}]},{"@type":"ImageObject","inLanguage":"en-US","@id":"https:\/\/sportsengine-develop.go-vip.net\/msysa\/como-unirse\/#primaryimage","url":"https:\/\/sportsengine-develop.go-vip.net\/msysa\/wp-content\/uploads\/sites\/227\/2024\/11\/homepage_media_wall2_d5ff8e.png","contentUrl":"https:\/\/sportsengine-develop.go-vip.net\/msysa\/wp-content\/uploads\/sites\/227\/2024\/11\/homepage_media_wall2_d5ff8e.png","width":1920,"height":600},{"@type":"WebSite","@id":"https:\/\/sportsengine-develop.go-vip.net\/msysa\/#website","url":"https:\/\/sportsengine-develop.go-vip.net\/msysa\/","name":"USYS Maryland","description":"Grow the Game - Transform Lives","publisher":{"@id":"https:\/\/sportsengine-develop.go-vip.net\/msysa\/#organization"},"potentialAction":[{"@type":"SearchAction","target":{"@type":"EntryPoint","urlTemplate":"https:\/\/sportsengine-develop.go-vip.net\/msysa\/?s={search_term_string}"},"query-input":{"@type":"PropertyValueSpecification","valueRequired":true,"valueName":"search_term_string"}}],"inLanguage":"en-US"},{"@type":"Organization","@id":"https:\/\/sportsengine-develop.go-vip.net\/msysa\/#organization","name":"Maryland State Youth Soccer Association","url":"https:\/\/sportsengine-develop.go-vip.net\/msysa\/","logo":{"@type":"ImageObject","inLanguage":"en-US","@id":"https:\/\/sportsengine-develop.go-vip.net\/msysa\/#\/schema\/logo\/image\/","url":"https:\/\/sportsengine-develop.go-vip.net\/msysa\/wp-content\/uploads\/sites\/227\/2024\/06\/cropped-cropped-Small-MSYSA-Logo-for-Circle-Applications-1.png","contentUrl":"https:\/\/sportsengine-develop.go-vip.net\/msysa\/wp-content\/uploads\/sites\/227\/2024\/06\/cropped-cropped-Small-MSYSA-Logo-for-Circle-Applications-1.png","width":449,"height":512,"caption":"Maryland State Youth Soccer Association"},"image":{"@id":"https:\/\/sportsengine-develop.go-vip.net\/msysa\/#\/schema\/logo\/image\/"},"sameAs":["https:\/\/www.facebook.com\/MDStateYouthSoccer","https:\/\/x.com\/MSYSA","https:\/\/www.instagram.com\/msyouthsoccer\/?hl=en","https:\/\/www.youtube.com\/channel\/UCOz6iON1tWWwEHq9RY8oKVQ","https:\/\/www.tiktok.com\/@marylandsysa?lang=en"]}]}},"featured_image_src":null,"featured_image_src_square":null,"jetpack_sharing_enabled":true,"_links":{"self":[{"href":"https:\/\/sportsengine-develop.go-vip.net\/msysa\/wp-json\/wp\/v2\/pages\/9492"}],"collection":[{"href":"https:\/\/sportsengine-develop.go-vip.net\/msysa\/wp-json\/wp\/v2\/pages"}],"about":[{"href":"https:\/\/sportsengine-develop.go-vip.net\/msysa\/wp-json\/wp\/v2\/types\/page"}],"author":[{"embeddable":true,"href":"https:\/\/sportsengine-develop.go-vip.net\/msysa\/wp-json\/wp\/v2\/users\/736"}],"replies":[{"embeddable":true,"href":"https:\/\/sportsengine-develop.go-vip.net\/msysa\/wp-json\/wp\/v2\/comments?post=9492"}],"version-history":[{"count":2,"href":"https:\/\/sportsengine-develop.go-vip.net\/msysa\/wp-json\/wp\/v2\/pages\/9492\/revisions"}],"predecessor-version":[{"id":13919,"href":"https:\/\/sportsengine-develop.go-vip.net\/msysa\/wp-json\/wp\/v2\/pages\/9492\/revisions\/13919"}],"wp:attachment":[{"href":"https:\/\/sportsengine-develop.go-vip.net\/msysa\/wp-json\/wp\/v2\/media?parent=9492"}],"curies":[{"name":"wp","href":"https:\/\/api.w.org\/{rel}","templated":true}]}}